{"id":8503,"date":"2018-07-16T22:07:46","date_gmt":"2018-07-16T20:07:46","guid":{"rendered":"https:\/\/www.altidag.co.il\/contact-us\/"},"modified":"2020-06-07T18:36:37","modified_gmt":"2020-06-07T15:36:37","slug":"contactez-nous","status":"publish","type":"page","link":"https:\/\/www.altidag.co.il\/fr\/contactez-nous","title":{"rendered":"Contactez-nous"},"content":{"rendered":"<div class=\"wpb-content-wrapper\"><p>[vc_row full_width=\u00a0\u00bbstretch_row_content\u00a0\u00bb css=\u00a0\u00bb.vc_custom_1587328096047{margin-bottom: -36px !important;padding-top: 100px !important;padding-bottom: 100px !important;background-image: url(https:\/\/www.altidag.co.il\/wp-content\/uploads\/2020\/04\/Home-1.jpg?id=6845) !important;}\u00a0\u00bb][vc_column width=\u00a0\u00bb1\/6&Prime; offset=\u00a0\u00bbvc_hidden-sm vc_hidden-xs\u00a0\u00bb][\/vc_column][vc_column width=\u00a0\u00bb2\/3&Prime;][vc_row_inner css=\u00a0\u00bb.vc_custom_1536696893689{padding-top: 20px !important;padding-right: 50px !important;padding-bottom: 40px !important;padding-left: 50px !important;background-color: #ffffff !important;}\u00a0\u00bb el_class=\u00a0\u00bbbig-box-shadox\u00a0\u00bb][vc_column_inner][vc_column_text css=\u00a0\u00bb.vc_custom_1591544081440{padding-bottom: 30px !important;}\u00a0\u00bb]<\/p>\n<h3 style=\"text-align: center;\"><span style=\"font-size: 48px;\"><span style=\"line-height: 60px;\">Formulaire de contact<\/span><\/span><\/h3>\n<h4 style=\"text-align: center;\"><span style=\"font-size: 20px;\">Vous avez une question sur les diff\u00e9rents biens et\/ou services propos\u00e9s par ALTIDAG?<\/span><\/h4>\n<p style=\"text-align: center;\">Pour \u00eatre recontact\u00e9 par l\u2019un de nos conseillers, veuillez nous pr\u00e9ciser le sujet de votre question afin que l\u2019on puisse vous mettre en contact avec le service appropri\u00e9 qui saura r\u00e9pondre au mieux \u00e0 votre besoin.<\/p>\n<p>[\/vc_column_text]\n<div class=\"wpcf7 no-js\" id=\"wpcf7-f8502-o1\" lang=\"fr-FR\" dir=\"ltr\" data-wpcf7-id=\"8502\">\n<div class=\"screen-reader-response\"><p role=\"status\" aria-live=\"polite\" aria-atomic=\"true\"><\/p> <ul><\/ul><\/div>\n<form action=\"\/fr\/wp-json\/wp\/v2\/pages\/8503#wpcf7-f8502-o1\" method=\"post\" class=\"wpcf7-form init\" aria-label=\"Formulaire de contact\" novalidate=\"novalidate\" data-status=\"init\">\n<fieldset class=\"hidden-fields-container\"><input type=\"hidden\" name=\"_wpcf7\" value=\"8502\" \/><input type=\"hidden\" name=\"_wpcf7_version\" value=\"6.1.6\" \/><input type=\"hidden\" name=\"_wpcf7_locale\" value=\"fr_FR\" \/><input type=\"hidden\" name=\"_wpcf7_unit_tag\" value=\"wpcf7-f8502-o1\" \/><input type=\"hidden\" name=\"_wpcf7_container_post\" value=\"0\" \/><input type=\"hidden\" name=\"_wpcf7_posted_data_hash\" value=\"\" \/><input type=\"hidden\" name=\"_wpcf7_recaptcha_response\" value=\"\" \/>\n<\/fieldset>\n<div class=\"row\">\n\t<div class=\"col-xs-12 col-sm-6 col-md-6 col-lg-6\">\n\t\t<div class=\"form-group\">\n\t\t\t<p><label>Nom<\/label><br \/>\n<span class=\"wpcf7-form-control-wrap\" data-name=\"Nom\"><input size=\"40\" maxlength=\"400\" class=\"wpcf7-form-control wpcf7-text wpcf7-validates-as-required form-control\" aria-required=\"true\" aria-invalid=\"false\" placeholder=\"Veuillez saisir votre nom\" value=\"\" type=\"text\" name=\"Nom\" \/><\/span>\n\t\t\t<\/p>\n\t\t<\/div>\n\t<\/div>\n\t<div class=\"col-xs-12 col-sm-6 col-md-6 col-lg-6\">\n\t\t<div class=\"form-group\">\n\t\t\t<p><label>Email<\/label><br \/>\n<span class=\"wpcf7-form-control-wrap\" data-name=\"Email\"><input size=\"40\" maxlength=\"400\" class=\"wpcf7-form-control wpcf7-email wpcf7-validates-as-required wpcf7-text wpcf7-validates-as-email form-control\" aria-required=\"true\" aria-invalid=\"false\" placeholder=\"Veuillez saisir votre email\" value=\"\" type=\"email\" name=\"Email\" \/><\/span>\n\t\t\t<\/p>\n\t\t<\/div>\n\t<\/div>\n\t<div class=\"col-xs-12 col-sm-6 col-md-6 col-lg-6\">\n\t\t<div class=\"form-group\">\n\t\t\t<p><label>T\u00e9l\u00e9phone<\/label><br \/>\n<span class=\"wpcf7-form-control-wrap\" data-name=\"telephone\"><input size=\"40\" maxlength=\"400\" class=\"wpcf7-form-control wpcf7-tel wpcf7-validates-as-required wpcf7-text wpcf7-validates-as-tel form-control\" aria-required=\"true\" aria-invalid=\"false\" value=\"Veuillez saisir votre t\u00e9l\u00e9phone\" type=\"tel\" name=\"telephone\" \/><\/span>\n\t\t\t<\/p>\n\t\t<\/div>\n\t<\/div>\n\t<div class=\"col-xs-12 col-sm-6 col-md-6 col-lg-6\">\n\t\t<div class=\"form-group\">\n\t\t\t<p><label>S\u00e9lectionnez le motif de votre demande<\/label><br \/>\n<span class=\"wpcf7-form-control-wrap\" data-name=\"preference_contact\"><select class=\"wpcf7-form-control wpcf7-select wpcf7-validates-as-required form-control\" aria-required=\"true\" aria-invalid=\"false\" name=\"preference_contact\"><option value=\"Je veux acheter un bien immobilier en Isra\u00ebl\">Je veux acheter un bien immobilier en Isra\u00ebl<\/option><option value=\"Je veux vendre mon bien immobilier en Isra\u00ebl\">Je veux vendre mon bien immobilier en Isra\u00ebl<\/option><option value=\"Je veux mettre \u00e0 la location mon bien immobilier en Isra\u00ebl\">Je veux mettre \u00e0 la location mon bien immobilier en Isra\u00ebl<\/option><option value=\"Je cherche \u00e0 louer un bien immobilier en Isra\u00ebl\">Je cherche \u00e0 louer un bien immobilier en Isra\u00ebl<\/option><option value=\"Je veux avoir plus d&#039; infos pour faire g\u00e9rer un bien immobilier en Isra\u00ebl\">Je veux avoir plus d&#039; infos pour faire g\u00e9rer un bien immobilier en Isra\u00ebl<\/option><\/select><\/span>\n\t\t\t<\/p>\n\t\t<\/div>\n\t<\/div>\n\t<div class=\"col-xs-12 col-sm-12 col-md-12 col-lg-12\">\n\t\t<div class=\"form-group\">\n\t\t\t<p><label>Message<\/label><br \/>\n<span class=\"wpcf7-form-control-wrap\" data-name=\"message\"><textarea cols=\"40\" rows=\"10\" maxlength=\"2000\" class=\"wpcf7-form-control wpcf7-textarea wpcf7-validates-as-required form-control\" aria-required=\"true\" aria-invalid=\"false\" placeholder=\"Laissez un message\" name=\"message\"><\/textarea><\/span>\n\t\t\t<\/p>\n\t\t<\/div>\n\t<\/div>\n\t<div class=\"col-xs-12 col-sm-12 col-md-12 col-lg-12\">\n\t\t<div class=\"form-group\">\n\t\t\t<p><input class=\"wpcf7-form-control wpcf7-submit has-spinner btn brn-secondary\" type=\"submit\" value=\"Envoyer votre demande\" \/>\n\t\t\t<\/p>\n\t\t<\/div>\n\t<\/div>\n<\/div><div class=\"wpcf7-response-output\" aria-hidden=\"true\"><\/div>\n<\/form>\n<\/div>\n[\/vc_column_inner][\/vc_row_inner][\/vc_column][vc_column width=\u00a0\u00bb1\/6&Prime; offset=\u00a0\u00bbvc_hidden-sm vc_hidden-xs\u00a0\u00bb][\/vc_column][\/vc_row]<\/p>\n<\/div>","protected":false},"excerpt":{"rendered":"<p>[vc_row full_width=\u00a0\u00bbstretch_row_content\u00a0\u00bb css=\u00a0\u00bb.vc_custom_1587328096047{margin-bottom: -36px !important;padding-top: 100px !important;padding-bottom: 100px !important;background-image: url(https:\/\/www.altidag.co.il\/wp-content\/uploads\/2020\/04\/Home-1.jpg?id=6845) !important;}\u00a0\u00bb][vc_column width=\u00a0\u00bb1\/6&Prime; offset=\u00a0\u00bbvc_hidden-sm vc_hidden-xs\u00a0\u00bb][\/vc_column][vc_column width=\u00a0\u00bb2\/3&Prime;][vc_row_inner css=\u00a0\u00bb.vc_custom_1536696893689{padding-top: 20px !important;padding-right: 50px !important;padding-bottom: 40px !important;padding-left: 50px !important;background-color: #ffffff !important;}\u00a0\u00bb el_class=\u00a0\u00bbbig-box-shadox\u00a0\u00bb][vc_column_inner][vc_column_text css=\u00a0\u00bb.vc_custom_1591544081440{padding-bottom: 30px !important;}\u00a0\u00bb] Formulaire de contact Vous avez une question sur les diff\u00e9rents biens et\/ou services propos\u00e9s par ALTIDAG? Pour \u00eatre recontact\u00e9 par l\u2019un de nos conseillers, veuillez [&hellip;]<\/p>\n","protected":false},"author":1,"featured_media":0,"parent":0,"menu_order":0,"comment_status":"closed","ping_status":"closed","template":"template\/template-homepage.php","meta":{"footnotes":""},"class_list":["post-8503","page","type-page","status-publish","hentry"],"_links":{"self":[{"href":"https:\/\/www.altidag.co.il\/fr\/wp-json\/wp\/v2\/pages\/8503","targetHints":{"allow":["GET"]}}],"collection":[{"href":"https:\/\/www.altidag.co.il\/fr\/wp-json\/wp\/v2\/pages"}],"about":[{"href":"https:\/\/www.altidag.co.il\/fr\/wp-json\/wp\/v2\/types\/page"}],"author":[{"embeddable":true,"href":"https:\/\/www.altidag.co.il\/fr\/wp-json\/wp\/v2\/users\/1"}],"replies":[{"embeddable":true,"href":"https:\/\/www.altidag.co.il\/fr\/wp-json\/wp\/v2\/comments?post=8503"}],"version-history":[{"count":1,"href":"https:\/\/www.altidag.co.il\/fr\/wp-json\/wp\/v2\/pages\/8503\/revisions"}],"predecessor-version":[{"id":11814,"href":"https:\/\/www.altidag.co.il\/fr\/wp-json\/wp\/v2\/pages\/8503\/revisions\/11814"}],"wp:attachment":[{"href":"https:\/\/www.altidag.co.il\/fr\/wp-json\/wp\/v2\/media?parent=8503"}],"curies":[{"name":"wp","href":"https:\/\/api.w.org\/{rel}","templated":true}]}}