{"id":8480,"date":"2018-09-13T19:16:33","date_gmt":"2018-09-13T17:16:33","guid":{"rendered":"https:\/\/www.altidag.co.il\/our-team\/"},"modified":"2025-12-11T13:15:10","modified_gmt":"2025-12-11T11:15:10","slug":"notre-equipe","status":"publish","type":"page","link":"https:\/\/www.altidag.co.il\/fr\/notre-equipe","title":{"rendered":"Notre \u00e9quipe"},"content":{"rendered":"<div class=\"wpb-content-wrapper\"><p>[vc_row][vc_column]<div style=\"clear:both; width:100%; height:50px\"><\/div>[\/vc_column][\/vc_row][vc_row gap=\u00a0\u00bb10&Prime; equal_height=\u00a0\u00bbyes\u00a0\u00bb][vc_column width=\u00a0\u00bb1\/3&Prime;]\n            <div class=\"team-block\">\n                <a class=\"team-block-mobile\" href=\"http:\/\/www.altidag.co.il\/agent\/avichai-azran\"><\/a>\n                <img decoding=\"async\" src=\"https:\/\/www.altidag.co.il\/wp-content\/uploads\/2020\/02\/Avichai.jpg\" alt=\"Avichai Azran\" align=\"team\">\n\n                <div class=\"team-caption team-caption-before\">\n                    <div class=\"team-caption-inner\">\n                        <h4 class=\"team-name\"><a href=\"http:\/\/www.altidag.co.il\/agent\/avichai-azran\">Avichai Azran<\/a><\/h4>\n\n                        <p class=\"team-designation\">Associ\u00e9<\/p>\n                                                    <ul class=\"team-social\">\n                                <li><a target=\"_blank\" href=\"https:\/\/www.facebook.com\/avichai-azran\" class=\"btn-facebook\"><i class=\"fa fa-facebook-square\"><\/i><\/a><\/li><li><a target=\"_blank\" href=\"https:\/\/www.linkedin.com\/avichai-azran\" class=\"btn-linkedin\"><i class=\"fa fa-linkedin-square\"><\/i><\/a><\/li>                            <\/ul>\n                                            <\/div>\n                <\/div>\n                <div class=\"team-caption team-caption-after\">\n                    <div class=\"team-caption-inner\">\n                        <h4 class=\"team-name\"><a href=\"http:\/\/www.altidag.co.il\/agent\/avichai-azran\">Avichai Azran<\/a><\/h4>\n\n                        <p class=\"team-designation\"><a href=\"http:\/\/www.altidag.co.il\/agent\/avichai-azran\">Associ\u00e9<\/a><\/p>\n\n                        <p class=\"team-description\">\n                            Dipl\u00f4m\u00e9 d\u2019un M.B.A en promotion immobili\u00e8re \u00e0 l\u2019universit\u00e9 USC de Los Angeles Avichai partage de mani\u00e8re fiable et agr\u00e9able son savoir-faire en terme de Faisabilit\u00e9, Demande et Obtention de permis, Construction... Aujourd\u2019hui et ce depuis plusieures ann\u00e9es, c\u2019est dans la \u201cgestion locative\u201d qu\u2019il excelle ! \u201cC\u2019en est devenu ma passion\u201d. Chez ALTIDAG Avichai assure le back-office: comptabilit\u00e9, gestion administrative\u2026 Avec un seul but: offrir une infrastructure solide pour une gestion optimis\u00e9e et seine de votre patrimoine immobilier.                        <\/p>\n                                                    <ul class=\"team-social\">\n                                <li><a target=\"_blank\" href=\"https:\/\/www.facebook.com\/avichai-azran\" class=\"btn-facebook\"><i class=\"fa fa-facebook-square\"><\/i><\/a><\/li><li><a target=\"_blank\" href=\"https:\/\/www.linkedin.com\/avichai-azran\" class=\"btn-linkedin\"><i class=\"fa fa-linkedin-square\"><\/i><\/a><\/li>                            <\/ul>\n                                            <\/div>\n                <\/div>\n            <\/div>\n            [\/vc_column][vc_column width=\u00a0\u00bb1\/3&Prime;]\n            <div class=\"team-block\">\n                <a class=\"team-block-mobile\" href=\"http:\/\/www.altidag.co.il\/agent\/gary-hamou\"><\/a>\n                <img decoding=\"async\" src=\"https:\/\/www.altidag.co.il\/wp-content\/uploads\/2020\/02\/Gary.jpg\" alt=\"Gary Hamou\" align=\"team\">\n\n                <div class=\"team-caption team-caption-before\">\n                    <div class=\"team-caption-inner\">\n                        <h4 class=\"team-name\"><a href=\"http:\/\/www.altidag.co.il\/agent\/gary-hamou\">Gary Hamou<\/a><\/h4>\n\n                        <p class=\"team-designation\">Associ\u00e9<\/p>\n                                                    <ul class=\"team-social\">\n                                <li><a target=\"_blank\" href=\"https:\/\/www.facebook.com\/gary-hamou\" class=\"btn-facebook\"><i class=\"fa fa-facebook-square\"><\/i><\/a><\/li><li><a target=\"_blank\" href=\"https:\/\/www.linkedin.com\/gary-hamou\" class=\"btn-linkedin\"><i class=\"fa fa-linkedin-square\"><\/i><\/a><\/li>                            <\/ul>\n                                            <\/div>\n                <\/div>\n                <div class=\"team-caption team-caption-after\">\n                    <div class=\"team-caption-inner\">\n                        <h4 class=\"team-name\"><a href=\"http:\/\/www.altidag.co.il\/agent\/gary-hamou\">Gary Hamou<\/a><\/h4>\n\n                        <p class=\"team-designation\"><a href=\"http:\/\/www.altidag.co.il\/agent\/gary-hamou\">Associ\u00e9<\/a><\/p>\n\n                        <p class=\"team-description\">\n                            S\u00e9rieux, ordonn\u00e9 et extr\u00eamement dynamique, \u00e0 31 ans Gary est en charge de l&#039;aspect gestions \u00e0 proprement parl\u00e9 chez ALTIDAG. Il passe la plupart de son temps sur le terrain, toujours pr\u00e9sent pour v\u00e9rifier que tout soit parfait et ce dans les moindres d\u00e9tails\u2026 R\u00e9sultat: Une client\u00e8le ALTIDAG sereine et heureuse !                        <\/p>\n                                                    <ul class=\"team-social\">\n                                <li><a target=\"_blank\" href=\"https:\/\/www.facebook.com\/gary-hamou\" class=\"btn-facebook\"><i class=\"fa fa-facebook-square\"><\/i><\/a><\/li><li><a target=\"_blank\" href=\"https:\/\/www.linkedin.com\/gary-hamou\" class=\"btn-linkedin\"><i class=\"fa fa-linkedin-square\"><\/i><\/a><\/li>                            <\/ul>\n                                            <\/div>\n                <\/div>\n            <\/div>\n            [\/vc_column][vc_column width=\u00a0\u00bb1\/3&Prime;]\n            <div class=\"team-block\">\n                <a class=\"team-block-mobile\" href=\"http:\/\/www.altidag.co.il\/agent\/david-assouline\"><\/a>\n                <img decoding=\"async\" src=\"https:\/\/www.altidag.co.il\/wp-content\/uploads\/2020\/02\/David.jpg\" alt=\"David Assouline\" align=\"team\">\n\n                <div class=\"team-caption team-caption-before\">\n                    <div class=\"team-caption-inner\">\n                        <h4 class=\"team-name\"><a href=\"http:\/\/www.altidag.co.il\/agent\/david-assouline\">David Assouline<\/a><\/h4>\n\n                        <p class=\"team-designation\">Directeur P\u00f4le Transactions<\/p>\n                                                    <ul class=\"team-social\">\n                                <li><a target=\"_blank\" href=\"https:\/\/www.facebook.com\/david.assouline.733\" class=\"btn-facebook\"><i class=\"fa fa-facebook-square\"><\/i><\/a><\/li><li><a target=\"_blank\" href=\"https:\/\/www.linkedin.com\/david-assouline\" class=\"btn-linkedin\"><i class=\"fa fa-linkedin-square\"><\/i><\/a><\/li>                            <\/ul>\n                                            <\/div>\n                <\/div>\n                <div class=\"team-caption team-caption-after\">\n                    <div class=\"team-caption-inner\">\n                        <h4 class=\"team-name\"><a href=\"http:\/\/www.altidag.co.il\/agent\/david-assouline\">David Assouline<\/a><\/h4>\n\n                        <p class=\"team-designation\"><a href=\"http:\/\/www.altidag.co.il\/agent\/david-assouline\">Directeur P\u00f4le Transactions<\/a><\/p>\n\n                        <p class=\"team-description\">\n                            Dipl\u00f4m\u00e9 d&#039;une license d&#039;\u00e9conomie et gestion (B.A) \u00e0 l&#039;universit\u00e9 Acad\u00e9mique ONO d&#039;Isra\u00ebl et titulaire depuis 2009 de sa licence d\u2019agent immobilier, David fait preuve d&#039;une appr\u00e9ciation pointue du march\u00e9 immobilier Isra\u00e9lien. Ses analyses vous permettront de prendre toujours LA BONNE D\u00c9CISION. Directeur de la branche Transaction chez ALTIDAG il fera toujours en sorte de vous offrir un service professionnel qualitatif et surtout agr\u00e9able.                        <\/p>\n                                                    <ul class=\"team-social\">\n                                <li><a target=\"_blank\" href=\"https:\/\/www.facebook.com\/david.assouline.733\" class=\"btn-facebook\"><i class=\"fa fa-facebook-square\"><\/i><\/a><\/li><li><a target=\"_blank\" href=\"https:\/\/www.linkedin.com\/david-assouline\" class=\"btn-linkedin\"><i class=\"fa fa-linkedin-square\"><\/i><\/a><\/li>                            <\/ul>\n                                            <\/div>\n                <\/div>\n            <\/div>\n            [\/vc_column][\/vc_row][vc_row gap=\u00a0\u00bb10&Prime; equal_height=\u00a0\u00bbyes\u00a0\u00bb][vc_column width=\u00a0\u00bb1\/3&Prime;]\n            <div class=\"team-block\">\n                <a class=\"team-block-mobile\" href=\"https:\/\/www.altidag.co.il\/fr\/agent\/laura-vibert\/\"><\/a>\n                <img decoding=\"async\" src=\"https:\/\/www.altidag.co.il\/wp-content\/uploads\/2022\/04\/Laura_Vibert_portrait.jpg\" alt=\"Laura Vibert\" align=\"team\">\n\n                <div class=\"team-caption team-caption-before\">\n                    <div class=\"team-caption-inner\">\n                        <h4 class=\"team-name\"><a href=\"https:\/\/www.altidag.co.il\/fr\/agent\/laura-vibert\/\">Laura Vibert<\/a><\/h4>\n\n                        <p class=\"team-designation\">Conseill\u00e8re Relation client\u00e8le<\/p>\n                                            <\/div>\n                <\/div>\n                <div class=\"team-caption team-caption-after\">\n                    <div class=\"team-caption-inner\">\n                        <h4 class=\"team-name\"><a href=\"https:\/\/www.altidag.co.il\/fr\/agent\/laura-vibert\/\">Laura Vibert<\/a><\/h4>\n\n                        <p class=\"team-designation\"><a href=\"https:\/\/www.altidag.co.il\/fr\/agent\/laura-vibert\/\">Conseill\u00e8re Relation client\u00e8le<\/a><\/p>\n\n                        <p class=\"team-description\">\n                            Dipl\u00f4m\u00e9e depuis 2014 d&#039;un MASTER en langues etrang\u00e8res appliqu\u00e9 au commerce international de l\u2019UPEC-paris, c\u2019est surtout au travers de certaine riches exp\u00e9riences \u00e0 l\u2019\u00e9tranger (espagne, angleterre, france, isra\u00ebl) que Laura a su parfaire son exp\u00e9rience dans le domaine du service \u00e0 la client\u00e8le. Aujourd\u2019hui c\u2019est la client\u00e8le de notre branche gestion (propri\u00e9taires et locataires) qui jouit d\u2019un service d\u00e9di\u00e9, agr\u00e9able et professionnel le tout chapot\u00e9 par une \u00e9quipe d\u00e9vou\u00e9e.                        <\/p>\n                                            <\/div>\n                <\/div>\n            <\/div>\n            [\/vc_column][vc_column width=\u00a0\u00bb1\/3&Prime;]\n            <div class=\"team-block\">\n                <a class=\"team-block-mobile\" href=\"https:\/\/www.altidag.co.il\/fr\/agent\/israel-haviv\"><\/a>\n                <img decoding=\"async\" src=\"https:\/\/www.altidag.co.il\/wp-content\/uploads\/2025\/12\/israelhaviv1.jpg\" alt=\"Israel Haviv\" align=\"team\">\n\n                <div class=\"team-caption team-caption-before\">\n                    <div class=\"team-caption-inner\">\n                        <h4 class=\"team-name\"><a href=\"https:\/\/www.altidag.co.il\/fr\/agent\/israel-haviv\">Israel Haviv<\/a><\/h4>\n\n                        <p class=\"team-designation\">Agent immobilier<\/p>\n                                            <\/div>\n                <\/div>\n                <div class=\"team-caption team-caption-after\">\n                    <div class=\"team-caption-inner\">\n                        <h4 class=\"team-name\"><a href=\"https:\/\/www.altidag.co.il\/fr\/agent\/israel-haviv\">Israel Haviv<\/a><\/h4>\n\n                        <p class=\"team-designation\"><a href=\"https:\/\/www.altidag.co.il\/fr\/agent\/israel-haviv\">Agent immobilier<\/a><\/p>\n\n                        <p class=\"team-description\">\n                                                    <\/p>\n                                            <\/div>\n                <\/div>\n            <\/div>\n            [\/vc_column][vc_column width=\u00a0\u00bb1\/3&Prime;][\/vc_column][\/vc_row][vc_row gap=\u00a0\u00bb10&Prime; equal_height=\u00a0\u00bbyes\u00a0\u00bb][vc_column width=\u00a0\u00bb1\/3&Prime;][\/vc_column][vc_column width=\u00a0\u00bb1\/3&Prime;][\/vc_column][vc_column width=\u00a0\u00bb1\/3&Prime;][\/vc_column][\/vc_row]<\/p>\n<\/div>","protected":false},"excerpt":{"rendered":"<p>[vc_row][vc_column][\/vc_column][\/vc_row][vc_row gap=\u00a0\u00bb10&Prime; equal_height=\u00a0\u00bbyes\u00a0\u00bb][vc_column width=\u00a0\u00bb1\/3&Prime;][\/vc_column][vc_column width=\u00a0\u00bb1\/3&Prime;][\/vc_column][vc_column width=\u00a0\u00bb1\/3&Prime;][\/vc_column][\/vc_row][vc_row gap=\u00a0\u00bb10&Prime; equal_height=\u00a0\u00bbyes\u00a0\u00bb][vc_column width=\u00a0\u00bb1\/3&Prime;][\/vc_column][vc_column width=\u00a0\u00bb1\/3&Prime;][\/vc_column][vc_column width=\u00a0\u00bb1\/3&Prime;][\/vc_column][\/vc_row][vc_row gap=\u00a0\u00bb10&Prime; equal_height=\u00a0\u00bbyes\u00a0\u00bb][vc_column width=\u00a0\u00bb1\/3&Prime;][\/vc_column][vc_column width=\u00a0\u00bb1\/3&Prime;][\/vc_column][vc_column width=\u00a0\u00bb1\/3&Prime;][\/vc_column][\/vc_row]<\/p>\n","protected":false},"author":1,"featured_media":0,"parent":0,"menu_order":0,"comment_status":"closed","ping_status":"closed","template":"template\/template-homepage.php","meta":{"footnotes":""},"class_list":["post-8480","page","type-page","status-publish","hentry"],"_links":{"self":[{"href":"https:\/\/www.altidag.co.il\/fr\/wp-json\/wp\/v2\/pages\/8480","targetHints":{"allow":["GET"]}}],"collection":[{"href":"https:\/\/www.altidag.co.il\/fr\/wp-json\/wp\/v2\/pages"}],"about":[{"href":"https:\/\/www.altidag.co.il\/fr\/wp-json\/wp\/v2\/types\/page"}],"author":[{"embeddable":true,"href":"https:\/\/www.altidag.co.il\/fr\/wp-json\/wp\/v2\/users\/1"}],"replies":[{"embeddable":true,"href":"https:\/\/www.altidag.co.il\/fr\/wp-json\/wp\/v2\/comments?post=8480"}],"version-history":[{"count":9,"href":"https:\/\/www.altidag.co.il\/fr\/wp-json\/wp\/v2\/pages\/8480\/revisions"}],"predecessor-version":[{"id":774315,"href":"https:\/\/www.altidag.co.il\/fr\/wp-json\/wp\/v2\/pages\/8480\/revisions\/774315"}],"wp:attachment":[{"href":"https:\/\/www.altidag.co.il\/fr\/wp-json\/wp\/v2\/media?parent=8480"}],"curies":[{"name":"wp","href":"https:\/\/api.w.org\/{rel}","templated":true}]}}