{"id":8477,"date":"2020-05-18T12:51:37","date_gmt":"2020-05-18T09:51:37","guid":{"rendered":"https:\/\/www.altidag.co.il\/service-de-gestion-locative\/"},"modified":"2020-06-07T18:13:51","modified_gmt":"2020-06-07T15:13:51","slug":"service-de-gestion-locative","status":"publish","type":"page","link":"https:\/\/www.altidag.co.il\/fr\/service-de-gestion-locative","title":{"rendered":"La Gestion Locative Long Terme"},"content":{"rendered":"<div class=\"wpb-content-wrapper\"><p>[vc_section][vc_row full_width=\u00a0\u00bbstretch_row\u00a0\u00bb parallax=\u00a0\u00bbcontent-moving\u00a0\u00bb parallax_image=\u00a0\u00bb1815&Prime; css=\u00a0\u00bb.vc_custom_1591305966624{padding-top: 80px !important;padding-bottom: 80px !important;background-image: url(https:\/\/www.altidag.co.il\/wp-content\/uploads\/2020\/05\/photo7.jpg?id=8473) !important;background-position: 0 0;background-repeat: no-repeat !important;}\u00a0\u00bb][vc_column width=\u00a0\u00bb9\/12&Prime;][vc_row_inner css=\u00a0\u00bb.vc_custom_1591305989533{background-color: rgba(10,10,10,0.68) !important;*background-color: rgb(10,10,10) !important;border-radius: 4px !important;}\u00a0\u00bb][vc_column_inner][vc_column_text]<\/p>\n<h2><span style=\"font-size: 48px; color: #ffffff; line-height: 58px;\">La Gestion Locative Long Terme<\/span><\/h2>\n<p><span style=\"color: #ffffff;\">Faites appel \u00e0 ALTIDAG!<\/span><br \/>\n<span style=\"color: #ffffff;\">Vous \u00e9chapperez aux contrari\u00e9t\u00e9s li\u00e9es \u00e0 la gestion locative en ISRA\u00cbL et b\u00e9n\u00e9ficierez :<\/span><\/p>\n<p><span style=\"color: #ffffff;\">\u2022 D\u2019un interm\u00e9diaire efficace entre les locataires et vous.<\/span><br \/>\n<span style=\"color: #ffffff;\">\u2022 D\u2019une \u00e9quipe de v\u00e9ritables professionnels qui se chargeront des  aspects administratifs et l\u00e9gaux.<\/span><br \/>\n<span style=\"color: #ffffff;\">\u2022 D\u2019un service de maintenance fiable pour traiter les pti\u2019ts soucis du quotidien.<\/span><br \/>\n<span style=\"color: #ffffff;\">\u2022 De locataires satisfaits car vous leur fournissez  une assistance fiable tout le long du bail.<\/span><br \/>\n<span style=\"color: #ffffff;\">\u2022 De la pr\u00e9sence permanente de l\u2019\u00e9quipe ALTIDAG.<\/span><br \/>\n<span style=\"color: #ffffff;\">\u2022 D\u2019un acc\u00e8s extranet bailleur pour consulter en ligne votre compte de gestion 24\/7.<\/span><br \/>\n<span style=\"color: #ffffff;\">\u2022 D\u2019un acc\u00e8s direct aux Informations quant aux \u00e9volutions r\u00e9glementaires.<\/span>[\/vc_column_text][vc_btn title=\u00a0\u00bbLe r\u00e9sidentiel\u00a0\u00bb style=\u00a0\u00bbflat\u00a0\u00bb shape=\u00a0\u00bbround\u00a0\u00bb color=\u00a0\u00bbturquoise\u00a0\u00bb size=\u00a0\u00bblg\u00a0\u00bb link=\u00a0\u00bburl:%23rental|\u00a0\u00bb css=\u00a0\u00bb.vc_custom_1591305482174{margin-right: 5px !important;margin-left: 5px !important;}\u00a0\u00bb el_class=\u00a0\u00bbbleu\u00a0\u00bb][vc_btn title=\u00a0\u00bbLe commercial\u00a0\u00bb style=\u00a0\u00bbflat\u00a0\u00bb shape=\u00a0\u00bbround\u00a0\u00bb color=\u00a0\u00bbturquoise\u00a0\u00bb size=\u00a0\u00bblg\u00a0\u00bb link=\u00a0\u00bburl:%23commercial|\u00a0\u00bb css=\u00a0\u00bb.vc_custom_1591305491720{margin-right: 5px !important;margin-left: 5px !important;}\u00a0\u00bb el_class=\u00a0\u00bbbleu\u00a0\u00bb][\/vc_column_inner][\/vc_row_inner][\/vc_column][vc_column width=\u00a0\u00bb3\/12&Prime;][\/vc_column][\/vc_row][\/vc_section][vc_section full_width=\u00a0\u00bbstretch_row\u00a0\u00bb css=\u00a0\u00bb.vc_custom_1587032336997{margin-bottom: -30px !important;padding-top: 50px !important;background-color: #ffffff !important;}\u00a0\u00bb][vc_row][vc_column width=\u00a0\u00bb1\/5&Prime;][vc_single_image image=\u00a0\u00bb6292&Prime; img_size=\u00a0\u00bb112&#215;112&Prime; alignment=\u00a0\u00bbcenter\u00a0\u00bb css_animation=\u00a0\u00bbnone\u00a0\u00bb][vc_column_text]<\/p>\n<h3 style=\"text-align: center;\">S\u00e9lection du locataire<\/h3>\n<p>[\/vc_column_text][\/vc_column][vc_column width=\u00a0\u00bb1\/5&Prime;][vc_single_image image=\u00a0\u00bb6289&Prime; img_size=\u00a0\u00bb112&#215;112&Prime; alignment=\u00a0\u00bbcenter\u00a0\u00bb css_animation=\u00a0\u00bbnone\u00a0\u00bb][vc_column_text]<\/p>\n<h3 style=\"text-align: center;\">Entretien et R\u00e9parations<\/h3>\n<p>[\/vc_column_text][\/vc_column][vc_column width=\u00a0\u00bb1\/5&Prime;][vc_single_image image=\u00a0\u00bb6286&Prime; img_size=\u00a0\u00bb112&#215;112&Prime; alignment=\u00a0\u00bbcenter\u00a0\u00bb css_animation=\u00a0\u00bbnone\u00a0\u00bb][vc_column_text]<\/p>\n<h3 style=\"text-align: center;\">Assistance Personnelle En Ligne<\/h3>\n<p>[\/vc_column_text][\/vc_column][vc_column width=\u00a0\u00bb1\/5&Prime;][vc_single_image image=\u00a0\u00bb6283&Prime; img_size=\u00a0\u00bb112&#215;112&Prime; alignment=\u00a0\u00bbcenter\u00a0\u00bb css_animation=\u00a0\u00bbnone\u00a0\u00bb][vc_column_text]<\/p>\n<h3 style=\"text-align: center;\">Collecte et R\u00e8glement Des Charges<\/h3>\n<p>[\/vc_column_text][\/vc_column][vc_column width=\u00a0\u00bb1\/5&Prime;][vc_single_image image=\u00a0\u00bb6280&Prime; img_size=\u00a0\u00bb112&#215;112&Prime; alignment=\u00a0\u00bbcenter\u00a0\u00bb css_animation=\u00a0\u00bbnone\u00a0\u00bb][vc_column_text]<\/p>\n<h3 style=\"text-align: center;\">D\u00e9claration Des Revenus Fonciers<\/h3>\n<p>[\/vc_column_text][\/vc_column][\/vc_row][\/vc_section][vc_section el_id=\u00a0\u00bbrental\u00a0\u00bb css=\u00a0\u00bb.vc_custom_1589718710315{margin-bottom: -2px !important;}\u00a0\u00bb][vc_row full_width=\u00a0\u00bbstretch_row\u00a0\u00bb equal_height=\u00a0\u00bbyes\u00a0\u00bb content_placement=\u00a0\u00bbmiddle\u00a0\u00bb css=\u00a0\u00bb.vc_custom_1589719040508{margin-bottom: -5px !important;padding-top: 50px !important;padding-bottom: 50px !important;background-color: #17365f !important;}\u00a0\u00bb][vc_column width=\u00a0\u00bb1\/2&Prime;][vc_custom_heading text=\u00a0\u00bbLe R\u00e9sidentiel\u00a0\u00bb font_container=\u00a0\u00bbtag:h2|font_size:38|text_align:left|color:%23ffffff|line_height:1&Prime; use_theme_fonts=\u00a0\u00bbyes\u00a0\u00bb][vc_column_text]<\/p>\n<p style=\"text-align: left;\"><span style=\"color: #ffffff;\">Quand ALTIDAG s\u2019occupe de la gestion locative de vos appartements vous \u00eates lib\u00e9r\u00e9 de tous tracas li\u00e9s \u00e0 la propri\u00e9t\u00e9e.<\/span><\/p>\n<p style=\"text-align: left;\"><span style=\"color: #ffffff;\">G\u00e9n\u00e9ralement les t\u00e2ches sont divis\u00e9s en trois domaines principaux: l\u2019occupation et l\u2019entretien, la comptabilit\u00e9 (comprenant entre autre le traitement des documents administratifs et fiscaux) et enfin l\u2019aspect juridique.<\/span><\/p>\n<p>[\/vc_column_text][vc_btn title=\u00a0\u00bbVoir nos formules\u00a0\u00bb style=\u00a0\u00bbcustom\u00a0\u00bb custom_background=\u00a0\u00bb#ffffff\u00a0\u00bb custom_text=\u00a0\u00bb#17365f\u00a0\u00bb size=\u00a0\u00bbxs\u00a0\u00bb i_icon_fontawesome=\u00a0\u00bbfas fa-caret-right\u00a0\u00bb add_icon=\u00a0\u00bbtrue\u00a0\u00bb link=\u00a0\u00bburl:https%3A%2F%2Fwww.altidag.co.il%2Ffr%2Fnos-formules%2F|title:Voir%20nos%20formules|\u00a0\u00bb][\/vc_column][vc_column width=\u00a0\u00bb1\/2&Prime;][vc_single_image image=\u00a0\u00bb6685&Prime; img_size=\u00a0\u00bbfull\u00a0\u00bb alignment=\u00a0\u00bbcenter\u00a0\u00bb][\/vc_column][\/vc_row][vc_row full_width=\u00a0\u00bbstretch_row\u00a0\u00bb content_placement=\u00a0\u00bbtop\u00a0\u00bb css=\u00a0\u00bb.vc_custom_1589719048590{margin-bottom: -1px !important;padding-bottom: 100px !important;background-color: #17365f !important;}\u00a0\u00bb][vc_column width=\u00a0\u00bb1\/2&Prime;][vc_column_text]<span style=\"color: #ffffff;\">\u2022 Toute propri\u00e9t\u00e9 qui a la chance de se voir \u00eatre confi\u00e9e \u00e0 ALTIDAG b\u00e9n\u00e9ficiera d\u2019un traitement syst\u00e9mique pr\u00e9cis: Nous commen\u00e7ons par une visite de l\u2019appartement, nous donnons notre avis d\u2019expert quant la valeure locative du bien, nous faisons ensuite un relev\u00e9 des r\u00e9parations \u00e0 effectuer (si n\u00e9cessaire) et un planning de la remise en \u00e9tat (si n\u00e9cessaire), le tout pour partir sur des bases saine et ainsi p\u00e9renniser la location de la propri\u00e9t\u00e9.<\/span><\/p>\n<p><span style=\"color: #ffffff;\">\u2022 Notre \u00e9quipe d\u2019experts immobiliers cible les locataires les plus appropri\u00e9s, qui devront \u00e0 leur tour r\u00e9pondre r\u00e9pondre aux crit\u00e8res stricts que nous imposons pour acc\u00e9der \u00e0 la location du bien.<\/span><\/p>\n<p><span style=\"color: #ffffff;\">\u2022 Tout r\u00e8glement attrayant au bien qui incombe le locataire est justifi\u00e9e \u00e0 ALTIDAG de mani\u00e8re syst\u00e9matique et en temps r\u00e9el par pr\u00e9sentation des pi\u00e8ces ad\u00e9quates. Ainsi nous avons chez ALTIDAG, la capacit\u00e9 d\u2019effectuer r\u00e9guli\u00e8rement le suivi des \u201c paiements locataires\u201d pr\u00e9venant ainsi des \u00e9ventuels cas d\u2019arri\u00e9r\u00e9s.<\/span>[\/vc_column_text][\/vc_column][vc_column width=\u00a0\u00bb1\/2&Prime;][vc_column_text]<span style=\"color: #ffffff;\">\u2022 En cas de besoin, l&rsquo;\u00e9quipe d\u2019intervenants auxquels nous faisons appel est qualifi\u00e9e, efficace et certifi\u00e9e. La confiance n\u2019excluant pas le contr\u00f4le, ALTIDAG chapeaute toute intervention qu\u2019il puisse avoir et ce  afin de s\u2019assurer que tout aura \u00e9t\u00e9 fait dans les r\u00e8gles de l\u2019art et \u00e0 son juste prix.<\/span><\/p>\n<p><span style=\"color: #ffffff;\">\u00a0\u2022 La prise en charge de votre bien comprend l\u2019accompagnement par un cabinet d\u2019avocats partenaire ALTIDAG qui proc\u00e8de \u00e0 la pr\u00e9paration des contrats de location favorable au propri\u00e9taire, ainsi, en cas de besoin, ils pourront entamer toute proc\u00e9dure juridique envers les locataires qui seraient tent\u00e9s de ne pas tenir leurs engagements.<\/span><\/p>\n<p><span style=\"color: #ffffff;\">\u00a0\u2022ALTIDAG offre une gestion locative innovante, avec comme priorit\u00e9s la transparence et l\u2019efficacit\u00e9 avant tout, avec un logiciel de gestion avanc\u00e9e qui est en mesure de vous donner toutes informations ou rapports tel que vous le souhaitez. En bref, tout ce qui est en rapport avec votre propri\u00e9t\u00e9 est enregistr\u00e9 et class\u00e9 dans notre logiciel.<\/span>[\/vc_column_text][\/vc_column][\/vc_row][\/vc_section][vc_section el_id=\u00a0\u00bbcommercial\u00a0\u00bb][vc_row full_width=\u00a0\u00bbstretch_row\u00a0\u00bb equal_height=\u00a0\u00bbyes\u00a0\u00bb content_placement=\u00a0\u00bbmiddle\u00a0\u00bb css=\u00a0\u00bb.vc_custom_1589718590835{margin-bottom: -1px !important;padding-top: 50px !important;padding-bottom: 50px !important;background-color: #ffffff !important;}\u00a0\u00bb][vc_column width=\u00a0\u00bb1\/2&Prime;][vc_single_image image=\u00a0\u00bb5475&Prime; img_size=\u00a0\u00bbfull\u00a0\u00bb alignment=\u00a0\u00bbcenter\u00a0\u00bb][\/vc_column][vc_column width=\u00a0\u00bb1\/2&Prime;][vc_custom_heading text=\u00a0\u00bbLe Commercial\u00a0\u00bb font_container=\u00a0\u00bbtag:h2|font_size:38|text_align:left|color:%2317365f|line_height:1&Prime; use_theme_fonts=\u00a0\u00bbyes\u00a0\u00bb][vc_column_text]<\/p>\n<p style=\"text-align: left;\"><span style=\"color: #17365f;\">De l\u2019achat et jusqu&rsquo;\u00e0 parfois la vente tout en passant par la gestion locative, ALTIDAG offre un service de gestion complet pour tous biens commerciaux:  H\u00f4tels, bureaux, magasins, surfaces commerciales&#8230; <\/span><\/p>\n<p style=\"text-align: left;\"><span style=\"color: #17365f;\">Une propri\u00e9t\u00e9 commerciale n\u00e9cessite un traitement journalier m\u00e9ticuleux. Nous comprenons que dans le secteur du commercial les locataires sont engag\u00e9es dans leur fonctions ce qui exige un traitement rapide de tout sinistre ou de toute requ\u00eate. De l\u2019entretien basique journalier au bon fonctionnement des ascenseurs en passant par la les gestions des bo\u00eetes aux lettres&#8230; ALTIDAG maintiendra un oeil bienveillant sur l\u2019ensemble du process.<\/span><\/p>\n<p>[\/vc_column_text][vc_btn title=\u00a0\u00bbVoir nos formules\u00a0\u00bb style=\u00a0\u00bbcustom\u00a0\u00bb custom_background=\u00a0\u00bb#ffffff\u00a0\u00bb custom_text=\u00a0\u00bb#17365f\u00a0\u00bb size=\u00a0\u00bbxs\u00a0\u00bb i_icon_fontawesome=\u00a0\u00bbfas fa-caret-right\u00a0\u00bb add_icon=\u00a0\u00bbtrue\u00a0\u00bb link=\u00a0\u00bburl:https%3A%2F%2Fwww.altidag.co.il%2Ffr%2Fnos-formules%2F|title:Voir%20nos%20formules|\u00a0\u00bb][\/vc_column][\/vc_row][vc_row full_width=\u00a0\u00bbstretch_row\u00a0\u00bb content_placement=\u00a0\u00bbtop\u00a0\u00bb css=\u00a0\u00bb.vc_custom_1589719091239{margin-bottom: -1px !important;padding-bottom: 100px !important;background-color: #ffffff !important;}\u00a0\u00bb][vc_column width=\u00a0\u00bb1\/2&Prime;][vc_column_text]<span style=\"color: #17365f;\">\u2022 Service de collecte. Souvent de nombreux locataires sont pr\u00e9sents dans une propri\u00e9t\u00e9 commerciale, le suivi de chacun reste un lourd fardeau. Alors comment s\u2019assurer que tous les locataires sont \u00e0 jour et en ad\u00e9quation avec leurs conditions locatives? ALTIDAG vous ouvrira un acc\u00e8s propri\u00e9taire \u00e0 son logiciel de gestion avanc\u00e9 qui vous  donnera acc\u00e8s en  direct et 24h\/24h \u00e0 toute op\u00e9ration concernant votre propri\u00e9t\u00e9, vous serez ainsi inform\u00e9 en temps r\u00e9el de l&rsquo;\u00e9tat pr\u00e9cis du bien.<\/span><\/p>\n<p><span style=\"color: #17365f;\">\u2022 ALTIDAG vous d\u00e9signera votre propre coordinateur de gestion qui tiendra le r\u00f4le majeur de premier contact et de syndic. C\u2019est lui qui g\u00e8re physiquement le bien immobilier. Tous nos responsables coordinateurs  de gestion sont exp\u00e9riment\u00e9s dans le domaine et ont des capacit\u00e9s de gestion aff\u00fbt\u00e9es.<\/span><\/p>\n<p><span style=\"color: #17365f;\">\u2022 Les locaux vacants. ALTIDAG met \u00e0 votre disposition ses experts immobiliers qui seront en charge de la commercialisation, la location ou la vente de vos biens avec toujours pour objectif d\u2019obtenir un rendement le plus \u00e9lev\u00e9 possible. Nos 40 ans d\u2019exp\u00e9rience nous donnent l\u2019avantage de toujours trouver la solution la plus ad\u00e9quate et ce de mani\u00e8re rapide et efficacement.<\/span>[\/vc_column_text][\/vc_column][vc_column width=\u00a0\u00bb1\/2&Prime; css=\u00a0\u00bb.vc_custom_1585821429508{background-position: center !important;background-repeat: no-repeat !important;background-size: cover !important;}\u00a0\u00bb][vc_column_text]<span style=\"color: #17365f;\">\u2022  ALTIDAG receptionnera en votre nom votre bien le jour de sa livraison par le promoteur de votre nouvel appartment et  pourra egalement prendre en charge la supervision des vise de formes.<\/span><\/p>\n<p><span style=\"color: #17365f;\">\u2022 La gestion des sous traitants. Les surfaces importantes exigent un entretien cons\u00e9quent \u00e0 tous niveaux comme par exemple: Le nettoyage, les fr\u00e9quentes r\u00e9parations, les mises aux normes et r\u00e9novations, les services d\u2019am\u00e9nagement paysager&#8230; ALTIDAG travaille depuis de nombreuses ann\u00e9es avec des corps de m\u00e9tier de confiance qui sauront sous notre supervision prendre soin de votre propri\u00e9t\u00e9.<\/span><\/p>\n<p><span style=\"color: #17365f;\">ALTIDAG s\u2019assure que votre bien re\u00e7oit toujours l\u2019attention n\u00e9cessaire qui lui revient. Accompagn\u00e9 d\u2019une \u00e9quipe juridique solide et d\u2019employ\u00e9s  hautements qualifi\u00e9s qui ont pour objectif clair et fort : L\u2019optimisation des propri\u00e9t\u00e9s, ALTIDAG fournit un service \u201ccl\u00e9 en main\u201d.<\/span>[\/vc_column_text][vc_btn title=\u00a0\u00bbVoir nos formules\u00a0\u00bb style=\u00a0\u00bbcustom\u00a0\u00bb custom_background=\u00a0\u00bb#ffffff\u00a0\u00bb custom_text=\u00a0\u00bb#17365f\u00a0\u00bb size=\u00a0\u00bbxs\u00a0\u00bb i_icon_fontawesome=\u00a0\u00bbfas fa-caret-right\u00a0\u00bb add_icon=\u00a0\u00bbtrue\u00a0\u00bb link=\u00a0\u00bburl:https%3A%2F%2Fwww.altidag.co.il%2Ffr%2Fnos-formules%2F|title:Voir%20nos%20formules|\u00a0\u00bb][\/vc_column][\/vc_row][\/vc_section]<\/p>\n<\/div>","protected":false},"excerpt":{"rendered":"<p>[vc_section][vc_row full_width=\u00a0\u00bbstretch_row\u00a0\u00bb parallax=\u00a0\u00bbcontent-moving\u00a0\u00bb parallax_image=\u00a0\u00bb1815&Prime; css=\u00a0\u00bb.vc_custom_1591305966624{padding-top: 80px !important;padding-bottom: 80px !important;background-image: url(https:\/\/www.altidag.co.il\/wp-content\/uploads\/2020\/05\/photo7.jpg?id=8473) !important;background-position: 0 0;background-repeat: no-repeat !important;}\u00a0\u00bb][vc_column width=\u00a0\u00bb9\/12&Prime;][vc_row_inner css=\u00a0\u00bb.vc_custom_1591305989533{background-color: rgba(10,10,10,0.68) !important;*background-color: rgb(10,10,10) !important;border-radius: 4px !important;}\u00a0\u00bb][vc_column_inner][vc_column_text] La Gestion Locative Long Terme Faites appel \u00e0 ALTIDAG! Vous \u00e9chapperez aux contrari\u00e9t\u00e9s li\u00e9es \u00e0 la gestion locative en ISRA\u00cbL et b\u00e9n\u00e9ficierez : \u2022 D\u2019un interm\u00e9diaire efficace entre les locataires et vous. [&hellip;]<\/p>\n","protected":false},"author":1,"featured_media":0,"parent":0,"menu_order":0,"comment_status":"closed","ping_status":"closed","template":"template\/template-homepage.php","meta":{"footnotes":""},"class_list":["post-8477","page","type-page","status-publish","hentry"],"_links":{"self":[{"href":"https:\/\/www.altidag.co.il\/fr\/wp-json\/wp\/v2\/pages\/8477","targetHints":{"allow":["GET"]}}],"collection":[{"href":"https:\/\/www.altidag.co.il\/fr\/wp-json\/wp\/v2\/pages"}],"about":[{"href":"https:\/\/www.altidag.co.il\/fr\/wp-json\/wp\/v2\/types\/page"}],"author":[{"embeddable":true,"href":"https:\/\/www.altidag.co.il\/fr\/wp-json\/wp\/v2\/users\/1"}],"replies":[{"embeddable":true,"href":"https:\/\/www.altidag.co.il\/fr\/wp-json\/wp\/v2\/comments?post=8477"}],"version-history":[{"count":1,"href":"https:\/\/www.altidag.co.il\/fr\/wp-json\/wp\/v2\/pages\/8477\/revisions"}],"predecessor-version":[{"id":11803,"href":"https:\/\/www.altidag.co.il\/fr\/wp-json\/wp\/v2\/pages\/8477\/revisions\/11803"}],"wp:attachment":[{"href":"https:\/\/www.altidag.co.il\/fr\/wp-json\/wp\/v2\/media?parent=8477"}],"curies":[{"name":"wp","href":"https:\/\/api.w.org\/{rel}","templated":true}]}}