{"id":11219,"date":"2020-04-20T17:58:33","date_gmt":"2020-04-20T14:58:33","guid":{"rendered":"https:\/\/www.altidag.co.il\/our-plans\/"},"modified":"2020-06-01T12:18:07","modified_gmt":"2020-06-01T09:18:07","slug":"nos-formules","status":"publish","type":"page","link":"https:\/\/www.altidag.co.il\/fr\/nos-formules","title":{"rendered":"Nos formules"},"content":{"rendered":"<div class=\"wpb-content-wrapper\"><p>[vc_section][vc_row][vc_column]<div style=\"clear:both; width:100%; height:70px\"><\/div>[vc_column_text]Chez ALTIDAG nous avons toujours eu pour vocation de privil\u00e9gier une approche simple de nos services. C\u2019est pourquoi, nous avons mis \u00e0 votre disposition 2 formules. Ainsi on vous laisse toujours le choix d&rsquo;opter pour une formule cl\u00e9 en main adapt\u00e9e \u00e0 vos besoins: Le contrat classique et le contrat Pro. Il ne vous reste plus qu&rsquo;\u00e0 choisir![\/vc_column_text][\/vc_column][\/vc_row][vc_row gap=\u00a0\u00bb15&Prime;][vc_column width=\u00a0\u00bb1\/2&Prime; css=\u00a0\u00bb.vc_custom_1590941989551{background-color: #d8d8d8 !important;}\u00a0\u00bb][vc_row_inner content_placement=\u00a0\u00bbtop\u00a0\u00bb css=\u00a0\u00bb.vc_custom_1590995301015{margin-right: 10px !important;margin-left: 10px !important;background-color: #ffffff !important;}\u00a0\u00bb][vc_column_inner][vc_column_text]<\/p>\n<h2 style=\"text-align: center;\"><span style=\"font-size: 150%;\">MANDAT ESSENTIEL<\/span><\/h2>\n<h2 style=\"text-align: center;\">8.33% HT<\/h2>\n<p style=\"text-align: center;\"><span style=\"font-size: 80%;\">(Les honoraires sont reconnus comme charge d\u00e9ductible de vos imp\u00f4ts)<\/span><\/p>\n<p>[\/vc_column_text][\/vc_column_inner][\/vc_row_inner][vc_empty_space][vc_column_text]<\/p>\n<h3 style=\"text-align: center;\"><span style=\"color: #474747;\">&gt;&gt;&gt; Notre engagement GESTION<\/span><\/h3>\n<p>[\/vc_column_text][vc_tta_accordion style=\u00a0\u00bbflat\u00a0\u00bb color=\u00a0\u00bbwhite\u00a0\u00bb c_align=\u00a0\u00bbcenter\u00a0\u00bb c_icon=\u00a0\u00bb\u00a0\u00bb active_section=\u00a0\u00bb\u00a0\u00bb collapsible_all=\u00a0\u00bbtrue\u00a0\u00bb][vc_tta_section title=\u00a0\u00bbLa gestion administrative\u00a0\u00bb tab_id=\u00a0\u00bb1591003032870-e21641ea-64e6&Prime;][vc_column_text]<\/p>\n<ul>\n<li>La R\u00e9daction, renouvellement puis r\u00e9siliation du contrat de location.<\/li>\n<li>La R\u00e9alisation de l\u2019\u00e9tat des lieux d\u2019entr\u00e9e et l&rsquo;\u00e9tat des lieux de sortie des locataires<\/li>\n<li>La Gestion des sorties des locataires : conformit\u00e9 du cong\u00e9, r\u00e9gularisation des charges, restitution du d\u00e9p\u00f4t de garantie..<\/li>\n<li>Le transfert de propri\u00e9t\u00e9 et de toutes facturation en cas de renouvellement de locataires.<\/li>\n<li>La R\u00e9vision annuelle des contrats d\u2019assurance et d\u2019entretien (Vaad Bait) de la propri\u00e9t\u00e9.<\/li>\n<li>La V\u00e9rification de la validit\u00e9 des assurances obligatoires du locataire.<\/li>\n<li>Le R\u00e9ajustement des loyers, en fonction de l\u2019\u00e9volution du march\u00e9 et en accord avec le proprietaire.<\/li>\n<\/ul>\n<p>[\/vc_column_text][\/vc_tta_section][vc_tta_section title=\u00a0\u00bbLa gestion comptable\u00a0\u00bb tab_id=\u00a0\u00bb1591003032949-c92cd238-a427&Prime;][vc_column_text]<\/p>\n<ul>\n<li>Appels, traitement et encaissement de tous les loyers.<\/li>\n<li>Gestion et reglement des charges, d\u00e9p\u00f4t de garantie, cautions, indemnit\u00e9 d\u2019occupation, assurances, avances sur travaux\u2026<\/li>\n<li>Virement bancaire mensuels sur votre compte en banque des revenus locatifs.<\/li>\n<\/ul>\n<p>[\/vc_column_text][\/vc_tta_section][vc_tta_section title=\u00a0\u00bbLa gestion technique\u00a0\u00bb tab_id=\u00a0\u00bb1591003033023-c6b51ea6-15a8&Prime;][vc_column_text]<\/p>\n<ul>\n<li>Demande d\u2019ex\u00e9cution de toutes les petites r\u00e9parations et r\u00e8glement des factures associ\u00e9es<\/li>\n<li>Apr\u00e8s votre accord, demande d\u2019ex\u00e9cution des travaux importants ou indispensables pour louer votre bien et r\u00e8glement des factures associ\u00e9es.<\/li>\n<li>Proposition d\u2019une solution cl\u00e9 en main pour am\u00e9liorer l\u2019\u00e9tat de votre bien et faciliter sa remise en location<\/li>\n<li>Gestion de la livraison et r\u00e9ception de biens neufs (*optionnel)<\/li>\n<\/ul>\n<p>[\/vc_column_text][\/vc_tta_section][vc_tta_section title=\u00a0\u00bbLa gestion des contentieux\u00a0\u00bb tab_id=\u00a0\u00bb1591003033105-1b9d8f70-0c5c\u00a0\u00bb][vc_column_text]<\/p>\n<ul>\n<li>En cas de difficult\u00e9 ou de d\u00e9faut de paiement du locataire, soutenu par notre cabinet d\u2019avocats d\u00e9di\u00e9, nous intervenons comme suit: envois au locataire des commandements, sommations et assignation devant les tribunaux si necessaire.<\/li>\n<\/ul>\n<p>[\/vc_column_text][\/vc_tta_section][vc_tta_section title=\u00a0\u00bbL&rsquo;acc\u00e8s 24\/7 \u00e0 votre espace client d\u00e9di\u00e9\u00a0\u00bb tab_id=\u00a0\u00bb1591003033187-f03868ef-03fd\u00a0\u00bb][vc_column_text]Suivez la gestion de votre bien \u00e0 tout moment et o\u00f9 que vous soyez, ainsi vous trouverez facilement:<\/p>\n<ul>\n<li>L&rsquo;\u00e9tat de votre compte : Loyers vers\u00e9s, Provisions de charges, Les \u00e9ventuels travaux r\u00e9alis\u00e9s&#8230;<\/li>\n<li>Tous vos documents : Vos RDG (relev\u00e9 de g\u00e9rance), acomptes vers\u00e9s, d\u00e9claration de revenus fonciers, factures diverses&#8230;<\/li>\n<li>Toutes les informations concernant votre bien et son locataire: Photos du bien, etat des lieux&#8230;<\/li>\n<\/ul>\n<p>[\/vc_column_text][\/vc_tta_section][vc_tta_section title=\u00a0\u00bb<del>La gestion fiscale<\/del>\u00a0\u00bb tab_id=\u00a0\u00bb1591003033270-53ae8b52-9b9b\u00a0\u00bb][vc_column_text]<\/p>\n<ul>\n<li><del>\u00c9tablissement de la d\u00e9claration sur les revenus fonciers pour les autorit\u00e9s Isra\u00e9liennes. <\/del><\/li>\n<li><del>R\u00e8glement de l&rsquo;imp\u00f4ts sur le revenu foncier.<\/del><\/li>\n<\/ul>\n<p>[\/vc_column_text][\/vc_tta_section][\/vc_tta_accordion][vc_column_text]<\/p>\n<h3 style=\"text-align: center;\"><span style=\"color: #474747;\">&gt;&gt;&gt; Notre engagement LOCATION<\/span><\/h3>\n<p>[\/vc_column_text][vc_tta_accordion style=\u00a0\u00bbflat\u00a0\u00bb color=\u00a0\u00bbwhite\u00a0\u00bb c_align=\u00a0\u00bbcenter\u00a0\u00bb c_icon=\u00a0\u00bb\u00a0\u00bb active_section=\u00a0\u00bb\u00a0\u00bb collapsible_all=\u00a0\u00bbtrue\u00a0\u00bb][vc_tta_section title=\u00a0\u00bbLa pr\u00e9paration du bien\u00a0\u00bb tab_id=\u00a0\u00bb1591003076611-8e387720-8a6b\u00a0\u00bb][vc_column_text]<\/p>\n<ul>\n<li>La v\u00e9rification du bien et la gestion de la remise en \u00e9tat (si necessaire) pour une location saine sur le long terme.<\/li>\n<li>L\u2019estimation de la valeure locative sera faite par nos experts de mani\u00e8re pr\u00e9cise dans le but d\u2019optimiser aux mieux votre rendement annuel.<\/li>\n<\/ul>\n<p>[\/vc_column_text][\/vc_tta_section][vc_tta_section title=\u00a0\u00bbLa recherche du locataire\u00a0\u00bb tab_id=\u00a0\u00bb1591003076685-d1de6002-6edf\u00a0\u00bb][vc_column_text]<\/p>\n<ul>\n<li>La mise en valeur du bien par le biais de photos Hautes Qualit\u00e9es.<\/li>\n<li>La r\u00e9daction d&rsquo;une annonce attrayante.<\/li>\n<li>Le Web Marketing, comprenant entre autre: Les sites immobiliers appropri\u00e9s, notre propre site, les r\u00e9seaux sociaux&#8230;<\/li>\n<li>La communication \u00e0 \u00e9chelle locale: Pose du panneau \u201cA Louer\u201d, diffusion sur nos vitrines, distribution de flyers dans le quartier&#8230;<\/li>\n<li>L\u2019utilisation de notre fichier \u201cLocataire\u201d et le partenariat avec notre r\u00e9seau agent partenaires.<\/li>\n<li>La Centralisation des appels allant jusqu&rsquo;\u00e0 la mise en place des visites.<\/li>\n<li>L\u2019\u00c9tude de solvabilit\u00e9 (revenus, garants \u2026).<\/li>\n<li>Le choix du locataire du locataire fiable, cr\u00e9dible et conforme \u00e0 nos exigences.<\/li>\n<\/ul>\n<p>[\/vc_column_text][\/vc_tta_section][vc_tta_section title=\u00a0\u00bbL&rsquo;intronisation du locataire\u00a0\u00bb tab_id=\u00a0\u00bb1591003076759-a2ed08b5-1ec9&Prime;][vc_column_text]<\/p>\n<ul>\n<li>L\u2019explication au locataire choisi des conditions de location.<\/li>\n<li>La r\u00e9daction d\u2019un bail favorable et de ses annexes afin de prot\u00e9ger les int\u00e9r\u00eats et les droits du propri\u00e9taire.<\/li>\n<li>L&rsquo;\u00c9tat des lieux \u2013 de la r\u00e9daction (lors de l\u2019entr\u00e9e du locataire) \u00e0 l\u2019inventaire (au moment de son d\u00e9part).<\/li>\n<\/ul>\n<p>[\/vc_column_text][\/vc_tta_section][vc_tta_section title=\u00a0\u00bbUne supervision r\u00e9guli\u00e8re\u00a0\u00bb tab_id=\u00a0\u00bb1591003076833-c0a498d0-593b\u00a0\u00bb][vc_column_text]<\/p>\n<ul>\n<li>Nous effectuons \u00e0 l&rsquo;improviste des visites qui ont pour but de nous assurer du bon \u00e9tat du bien ainsi que la pr\u00e9sence des locataires.<\/li>\n<li>La gestion minutieuse des \u00e9ventuels remboursements: Assurances, locataires\u2026<\/li>\n<\/ul>\n<p>[\/vc_column_text][\/vc_tta_section][\/vc_tta_accordion][vc_btn title=\u00a0\u00bbVotre premi\u00e8re consultation gratuite\u00a0\u00bb style=\u00a0\u00bbcustom\u00a0\u00bb custom_background=\u00a0\u00bb#17365f\u00a0\u00bb custom_text=\u00a0\u00bb#ffffff\u00a0\u00bb align=\u00a0\u00bbcenter\u00a0\u00bb link=\u00a0\u00bburl:https%3A%2F%2Fwww.altidag.co.il%2Fcontact-us%2F|title:Your%20first%20consultation%20is%20%22ON%20US!%22%20(free)||\u00a0\u00bb][\/vc_column][vc_column width=\u00a0\u00bb1\/2&Prime; css=\u00a0\u00bb.vc_custom_1590942002822{background-color: #d8d8d8 !important;}\u00a0\u00bb][vc_row_inner content_placement=\u00a0\u00bbtop\u00a0\u00bb css=\u00a0\u00bb.vc_custom_1590995301015{margin-right: 10px !important;margin-left: 10px !important;background-color: #ffffff !important;}\u00a0\u00bb][vc_column_inner][vc_column_text]<\/p>\n<h2 style=\"text-align: center;\"><span style=\"font-size: 150%;\">MANDAT PRO<\/span><\/h2>\n<h2 style=\"text-align: center;\">9.35% HT<\/h2>\n<p style=\"text-align: center;\"><span style=\"font-size: 80%;\">(Les honoraires sont reconnus comme charge d\u00e9ductible de vos imp\u00f4ts)<\/span><\/p>\n<p>[\/vc_column_text][\/vc_column_inner][\/vc_row_inner][vc_empty_space][vc_column_text]<\/p>\n<h3 style=\"text-align: center;\"><span style=\"color: #474747;\">&gt;&gt;&gt; Notre engagement GESTION<\/span><\/h3>\n<p>[\/vc_column_text][vc_tta_accordion style=\u00a0\u00bbflat\u00a0\u00bb color=\u00a0\u00bbwhite\u00a0\u00bb c_align=\u00a0\u00bbcenter\u00a0\u00bb c_icon=\u00a0\u00bb\u00a0\u00bb active_section=\u00a0\u00bb\u00a0\u00bb collapsible_all=\u00a0\u00bbtrue\u00a0\u00bb][vc_tta_section title=\u00a0\u00bbLa gestion administrative\u00a0\u00bb tab_id=\u00a0\u00bb1590996099355-f59df9f3-b9c5&Prime;][vc_column_text]<\/p>\n<ul>\n<li>La R\u00e9daction, renouvellement puis r\u00e9siliation du contrat de location.<\/li>\n<li>La R\u00e9alisation de l\u2019\u00e9tat des lieux d\u2019entr\u00e9e et l&rsquo;\u00e9tat des lieux de sortie des locataires<\/li>\n<li>La Gestion des sorties des locataires : conformit\u00e9 du cong\u00e9, r\u00e9gularisation des charges, restitution du d\u00e9p\u00f4t de garantie..<\/li>\n<li>Le transfert de propri\u00e9t\u00e9 et de toutes facturation en cas de renouvellement de locataires.<\/li>\n<li>La R\u00e9vision annuelle des contrats d\u2019assurance et d\u2019entretien (Vaad Bait) de la propri\u00e9t\u00e9.<\/li>\n<li>La V\u00e9rification de la validit\u00e9 des assurances obligatoires du locataire.<\/li>\n<li>Le R\u00e9ajustement des loyers, en fonction de l\u2019\u00e9volution du march\u00e9 et en accord avec le proprietaire.<\/li>\n<\/ul>\n<p>[\/vc_column_text][\/vc_tta_section][vc_tta_section title=\u00a0\u00bbLa gestion comptable\u00a0\u00bb tab_id=\u00a0\u00bb1590996099405-647fdf20-031c\u00a0\u00bb][vc_column_text]<\/p>\n<ul>\n<li>Appels, traitement et encaissement de tous les loyers.<\/li>\n<li>Gestion et reglement des charges, d\u00e9p\u00f4t de garantie, cautions, indemnit\u00e9 d\u2019occupation, assurances, avances sur travaux\u2026<\/li>\n<li>Virement bancaire mensuels sur votre compte en banque des revenus locatifs.<\/li>\n<\/ul>\n<p>[\/vc_column_text][\/vc_tta_section][vc_tta_section title=\u00a0\u00bbLa gestion technique\u00a0\u00bb tab_id=\u00a0\u00bb1590996099460-11a66878-f596&Prime;][vc_column_text]<\/p>\n<ul>\n<li>Demande d\u2019ex\u00e9cution de toutes les petites r\u00e9parations et r\u00e8glement des factures associ\u00e9es<\/li>\n<li>Apr\u00e8s votre accord, demande d\u2019ex\u00e9cution des travaux importants ou indispensables pour louer votre bien et r\u00e8glement des factures associ\u00e9es.<\/li>\n<li>Proposition d\u2019une solution cl\u00e9 en main pour am\u00e9liorer l\u2019\u00e9tat de votre bien et faciliter sa remise en location<\/li>\n<li>Gestion de la livraison et r\u00e9ception de biens neufs (*optionnel)<\/li>\n<\/ul>\n<p>[\/vc_column_text][\/vc_tta_section][vc_tta_section title=\u00a0\u00bbLa gestion des contentieux\u00a0\u00bb tab_id=\u00a0\u00bb1590996099519-32df1c8a-2e08&Prime;][vc_column_text]<\/p>\n<ul>\n<li>En cas de difficult\u00e9 ou de d\u00e9faut de paiement du locataire, soutenu par notre cabinet d\u2019avocats d\u00e9di\u00e9, nous intervenons comme suit: envois au locataire des commandements, sommations et assignation devant les tribunaux si necessaire.<\/li>\n<\/ul>\n<p>[\/vc_column_text][\/vc_tta_section][vc_tta_section title=\u00a0\u00bbL&rsquo;acc\u00e8s 24\/7 \u00e0 votre espace client d\u00e9di\u00e9\u00a0\u00bb tab_id=\u00a0\u00bb1590996099587-9bbef12d-4909&Prime;][vc_column_text]Suivez la gestion de votre bien \u00e0 tout moment et o\u00f9 que vous soyez, ainsi vous trouverez facilement:<\/p>\n<ul>\n<li>L&rsquo;\u00e9tat de votre compte : Loyers vers\u00e9s, Provisions de charges, Les \u00e9ventuels travaux r\u00e9alis\u00e9s&#8230;<\/li>\n<li>Tous vos documents : Vos RDG (relev\u00e9 de g\u00e9rance), acomptes vers\u00e9s, d\u00e9claration de revenus fonciers, factures diverses&#8230;<\/li>\n<li>Toutes les informations concernant votre bien et son locataire: Photos du bien, etat des lieux&#8230;<\/li>\n<\/ul>\n<p>[\/vc_column_text][\/vc_tta_section][vc_tta_section title=\u00a0\u00bbLa gestion fiscale\u00a0\u00bb tab_id=\u00a0\u00bb1590996099650-257d1c5c-697b\u00a0\u00bb][vc_column_text]<\/p>\n<ul>\n<li>\u00c9tablissement de la d\u00e9claration sur les revenus fonciers pour les autorit\u00e9s Isra\u00e9liennes.<\/li>\n<li>R\u00e8glement de l&rsquo;imp\u00f4ts sur le revenu foncier.<\/li>\n<\/ul>\n<p>[\/vc_column_text][\/vc_tta_section][\/vc_tta_accordion][vc_column_text]<\/p>\n<h3 style=\"text-align: center;\"><span style=\"color: #474747;\">&gt;&gt;&gt; Notre engagement LOCATION<\/span><\/h3>\n<p>[\/vc_column_text][vc_tta_accordion style=\u00a0\u00bbflat\u00a0\u00bb color=\u00a0\u00bbwhite\u00a0\u00bb c_align=\u00a0\u00bbcenter\u00a0\u00bb c_icon=\u00a0\u00bb\u00a0\u00bb active_section=\u00a0\u00bb\u00a0\u00bb collapsible_all=\u00a0\u00bbtrue\u00a0\u00bb][vc_tta_section title=\u00a0\u00bbLa pr\u00e9paration du bien\u00a0\u00bb tab_id=\u00a0\u00bb1590996119050-491c12fb-3619&Prime;][vc_column_text]<\/p>\n<ul>\n<li>La v\u00e9rification du bien et la gestion de la remise en \u00e9tat (si necessaire) pour une location saine sur le long terme.<\/li>\n<li>L\u2019estimation de la valeure locative sera faite par nos experts de mani\u00e8re pr\u00e9cise dans le but d\u2019optimiser aux mieux votre rendement annuel.<\/li>\n<\/ul>\n<p>[\/vc_column_text][\/vc_tta_section][vc_tta_section title=\u00a0\u00bbLa recherche du locataire\u00a0\u00bb tab_id=\u00a0\u00bb1590996119109-59323b40-40db\u00a0\u00bb][vc_column_text]<\/p>\n<ul>\n<li>La mise en valeur du bien par le biais de photos Hautes Qualit\u00e9es.<\/li>\n<li>La r\u00e9daction d&rsquo;une annonce attrayante.<\/li>\n<li>Le Web Marketing, comprenant entre autre: Les sites immobiliers appropri\u00e9s, notre propre site, les r\u00e9seaux sociaux&#8230;<\/li>\n<li>La communication \u00e0 \u00e9chelle locale: Pose du panneau \u201cA Louer\u201d, diffusion sur nos vitrines, distribution de flyers dans le quartier&#8230;<\/li>\n<li>L\u2019utilisation de notre fichier \u201cLocataire\u201d et le partenariat avec notre r\u00e9seau agent partenaires.<\/li>\n<li>La Centralisation des appels allant jusqu&rsquo;\u00e0 la mise en place des visites.<\/li>\n<li>L\u2019\u00c9tude de solvabilit\u00e9 (revenus, garants \u2026).<\/li>\n<li>Le choix du locataire du locataire fiable, cr\u00e9dible et conforme \u00e0 nos exigences.<\/li>\n<\/ul>\n<p>[\/vc_column_text][\/vc_tta_section][vc_tta_section title=\u00a0\u00bbL&rsquo;intronisation du locataire\u00a0\u00bb tab_id=\u00a0\u00bb1590996119175-e9129ba7-54ca\u00a0\u00bb][vc_column_text]<\/p>\n<ul>\n<li>L\u2019explication au locataire choisi des conditions de location.<\/li>\n<li>La r\u00e9daction d\u2019un bail favorable et de ses annexes afin de prot\u00e9ger les int\u00e9r\u00eats et les droits du propri\u00e9taire.<\/li>\n<li>L&rsquo;\u00c9tat des lieux \u2013 de la r\u00e9daction (lors de l\u2019entr\u00e9e du locataire) \u00e0 l\u2019inventaire (au moment de son d\u00e9part).<\/li>\n<\/ul>\n<p>[\/vc_column_text][\/vc_tta_section][vc_tta_section title=\u00a0\u00bbUne supervision r\u00e9guli\u00e8re\u00a0\u00bb tab_id=\u00a0\u00bb1590996119275-1fc36231-d55d\u00a0\u00bb][vc_column_text]<\/p>\n<ul>\n<li>Nous effectuons \u00e0 l&rsquo;improviste des visites qui ont pour but de nous assurer du bon \u00e9tat du bien ainsi que la pr\u00e9sence des locataires.<\/li>\n<li>La gestion minutieuse des \u00e9ventuels remboursements: Assurances, locataires\u2026<\/li>\n<\/ul>\n<p>[\/vc_column_text][\/vc_tta_section][\/vc_tta_accordion][vc_btn title=\u00a0\u00bbVotre premi\u00e8re consultation gratuite\u00a0\u00bb style=\u00a0\u00bbcustom\u00a0\u00bb custom_background=\u00a0\u00bb#17365f\u00a0\u00bb custom_text=\u00a0\u00bb#ffffff\u00a0\u00bb align=\u00a0\u00bbcenter\u00a0\u00bb link=\u00a0\u00bburl:https%3A%2F%2Fwww.altidag.co.il%2Fcontact-us%2F|title:Your%20first%20consultation%20is%20%22ON%20US!%22%20(free)||\u00a0\u00bb][\/vc_column][\/vc_row][\/vc_section]<\/p>\n<\/div>","protected":false},"excerpt":{"rendered":"<p>[vc_section][vc_row][vc_column][vc_column_text]Chez ALTIDAG nous avons toujours eu pour vocation de privil\u00e9gier une approche simple de nos services. C\u2019est pourquoi, nous avons mis \u00e0 votre disposition 2 formules. Ainsi on vous laisse toujours le choix d&rsquo;opter pour une formule cl\u00e9 en main adapt\u00e9e \u00e0 vos besoins: Le contrat classique et le contrat Pro. Il ne vous reste [&hellip;]<\/p>\n","protected":false},"author":1,"featured_media":0,"parent":0,"menu_order":0,"comment_status":"closed","ping_status":"closed","template":"template\/template-homepage.php","meta":{"footnotes":""},"class_list":["post-11219","page","type-page","status-publish","hentry"],"_links":{"self":[{"href":"https:\/\/www.altidag.co.il\/fr\/wp-json\/wp\/v2\/pages\/11219","targetHints":{"allow":["GET"]}}],"collection":[{"href":"https:\/\/www.altidag.co.il\/fr\/wp-json\/wp\/v2\/pages"}],"about":[{"href":"https:\/\/www.altidag.co.il\/fr\/wp-json\/wp\/v2\/types\/page"}],"author":[{"embeddable":true,"href":"https:\/\/www.altidag.co.il\/fr\/wp-json\/wp\/v2\/users\/1"}],"replies":[{"embeddable":true,"href":"https:\/\/www.altidag.co.il\/fr\/wp-json\/wp\/v2\/comments?post=11219"}],"version-history":[{"count":1,"href":"https:\/\/www.altidag.co.il\/fr\/wp-json\/wp\/v2\/pages\/11219\/revisions"}],"predecessor-version":[{"id":11228,"href":"https:\/\/www.altidag.co.il\/fr\/wp-json\/wp\/v2\/pages\/11219\/revisions\/11228"}],"wp:attachment":[{"href":"https:\/\/www.altidag.co.il\/fr\/wp-json\/wp\/v2\/media?parent=11219"}],"curies":[{"name":"wp","href":"https:\/\/api.w.org\/{rel}","templated":true}]}}